{"id":35,"date":"2025-05-01T16:08:33","date_gmt":"2025-05-01T16:08:33","guid":{"rendered":"http:\/\/localhost:10070\/?page_id=35"},"modified":"2025-12-12T19:19:54","modified_gmt":"2025-12-12T19:19:54","slug":"proceso-de-solicitud","status":"publish","type":"page","link":"https:\/\/br-apartments.com\/es\/application-process\/","title":{"rendered":"Proceso de solicitud"},"content":{"rendered":"<h1>\n\t\t\tProceso de solicitud\t<\/h1>\n<h2>\n\t\t\t\u00bfC\u00f3mo puedo ver una propiedad?\t<\/h2>\n\t\t\t\t\t\t<h4>Encuentre su propiedad<\/h4>\t\t\t\t\t\n\t\t\t<p>Ve a nuestra pesta\u00f1a \u00abCasas en renta\u00bb y busca la propiedad que deseas solicitar.<\/p>\t\t\n\t\t\t\t<a href=\"https:\/\/br-apartments.com\/es\/todas-las-propiedades\/\" role=\"button\" target=\"_self\">\n\t\t\t\t\t\t\t\t\t\tBuscar mi propiedad\n\t\t\t\t\t\t\t\t\t<\/a>\n\t\t\t\t\t\t<h4>Concertar una cita<\/h4>\t\t\t\t\t\n\t\t\t<p>Una vez que haya encontrado la propiedad, llame a la oficina de arrendamiento y concierte una cita para visitarla.<\/p>\t\t\n\t\t\t\t\t\t<h4>Ver las propiedades<\/h4>\t\t\t\t\t\n\t\t\t<p>El agente inmobiliario le mostrar\u00e1 las propiedades disponibles.<\/p>\n\t\t<h2>\n\t\t\tHe elegido mi propiedad y estoy listo para presentar la solicitud. \u00bfY ahora qu\u00e9?\n\t\t<\/h2>\n\t\t\t<p>Una vez que haya seleccionado una unidad, estar\u00e1 listo para presentar su solicitud. Las solicitudes deben completarse en persona.<\/p>\t\t\n\t\t\t\t\t\t<h4>Todos los solicitantes deben cumplir con los siguientes requisitos:<\/h4>\t\t\t\t\t\n\t\t\t<ul><li>Referencias de alquiler que garantizan el cumplimiento satisfactorio de todas las obligaciones de alquiler.<\/li><li>Informe crediticio que refleje un excelente historial de pagos y una buena calificaci\u00f3n crediticia (p\u00f3ngase en contacto con la oficina de administraci\u00f3n para obtener m\u00e1s informaci\u00f3n sobre la aprobaci\u00f3n del cr\u00e9dito).<\/li><li>Verificaci\u00f3n de antecedentes<\/li><li>Los solicitantes deben cumplir con nuestros criterios de l\u00edmite de ingresos (sujetos a variaciones seg\u00fan la propiedad; comun\u00edquese con nuestra oficina administrativa para obtener m\u00e1s informaci\u00f3n sobre nuestros requisitos de ingresos).<\/li><\/ul>\t\t\n\t\t\t\t\t\t<h4>Costo de la solicitud<\/h4>\t\t\t\t\t\n\t\t\t<p>Las cuotas de solicitud son de $35 por cada adulto residente y se pueden pagar mediante giro postal o cheque certificado.<\/p>\n<p>No se aceptar\u00e1n cuotas de solicitud para solicitudes incompletas.<\/p>\n\t\t\t\t\t\t<h4>Una vez aceptada la solicitud<\/h4>\t\t\t\t\t\n\t\t\t<p>Una vez aceptada la solicitud: Solo se aceptan giros postales o cheques certificados para el pago de la mudanza.\u00a0 <\/p>\n<p>Los pagos del alquiler pueden realizarse en l\u00ednea a trav\u00e9s de nuestro portal residencial o en persona en nuestra oficina (no se aceptar\u00e1n cheques personales hasta que haya residido en su unidad durante al menos tres meses).<\/p>\n<h2>\n\t\t\tInformaci\u00f3n adicional\t<\/h2>\n\t<p><strong>Durante nuestro proceso de solicitud, verificamos y revisamos lo siguiente:<\/strong><\/p>\n<ul>\n<li>Historial y calificaci\u00f3n crediticia<\/li>\n<li>Prueba de ingresos<\/li>\n<li>Referencia de alquileres<\/li>\n<li>Antecedentes penales<\/li>\n<\/ul>\n<p>Tomamos nuestra decisi\u00f3n bas\u00e1ndonos en esos cuatro criterios.<\/p>\n<p>El tiempo de tramitaci\u00f3n var\u00eda seg\u00fan cada solicitud, pero suele tardar entre 3 y 4 d\u00edas h\u00e1biles.<\/p>\n<p><em>NOTA: no se aceptar\u00e1n pagos por mudanzas de terceros\/agencias de ayuda.<\/em><\/p>\n\t\t\t\t\t\t\t\t\t<img decoding=\"async\" src=\"http:\/\/br-apartments.com\/wp-content\/uploads\/2025\/05\/station-7.jpg\" alt=\"Apartamentos en renta en Durham y Raleigh\" itemprop=\"image\" srcset=\"https:\/\/br-apartments.com\/wp-content\/uploads\/2025\/05\/station-7.jpg 870w, https:\/\/br-apartments.com\/wp-content\/uploads\/2025\/05\/station-7-600x391.jpg 600w, https:\/\/br-apartments.com\/wp-content\/uploads\/2025\/05\/station-7-768x501.jpg 768w\" sizes=\"(max-width: 870px) 100vw, 870px\" title=\"estaci\u00f3n-7\" onerror=\"this.style.display='none'\"  \/>","protected":false},"excerpt":{"rendered":"<p>Proceso de solicitud \u00bfC\u00f3mo puedo ver una propiedad? Encuentre su propiedad Vaya a nuestra pesta\u00f1a \u00abCasas en renta\u00bb y encuentre la propiedad que desea solicitar. Encuentre mi propiedad Concierte una cita Una vez que haya encontrado la propiedad, llame a la oficina de arrendamiento y concierte una cita para venir a verla...<\/p>","protected":false},"author":1,"featured_media":0,"parent":0,"menu_order":0,"comment_status":"closed","ping_status":"closed","template":"","meta":{"footnotes":""},"class_list":["post-35","page","type-page","status-publish","hentry"],"yoast_head":"<!-- This site is optimized with the Yoast SEO plugin v27.4 - https:\/\/yoast.com\/product\/yoast-seo-wordpress\/ -->\n<title>Application Process - BR Apartments<\/title>\n<meta name=\"robots\" content=\"index, follow, max-snippet:-1, max-image-preview:large, max-video-preview:-1\" \/>\n<link rel=\"canonical\" href=\"https:\/\/br-apartments.com\/es\/proceso-de-solicitud\/\" \/>\n<meta property=\"og:locale\" content=\"es_MX\" \/>\n<meta property=\"og:type\" content=\"article\" \/>\n<meta property=\"og:title\" content=\"Application Process - BR Apartments\" \/>\n<meta property=\"og:description\" content=\"Application Process How do I see a property? Find Your Property Go to our Homes for Rent tab and find the property you wish to apply for. Find my Property Set up an Appointment Once you have found the property, call the Leasing Office and set up a time to come and see the property.&hellip;\" \/>\n<meta property=\"og:url\" content=\"https:\/\/br-apartments.com\/es\/proceso-de-solicitud\/\" \/>\n<meta property=\"og:site_name\" content=\"BR Apartments\" \/>\n<meta property=\"article:modified_time\" content=\"2025-12-12T19:19:54+00:00\" \/>\n<meta property=\"og:image\" content=\"http:\/\/br-apartments.com\/wp-content\/uploads\/2025\/05\/station-7.jpg\" \/>\n<meta name=\"twitter:card\" content=\"summary_large_image\" \/>\n<meta name=\"twitter:label1\" content=\"Est. reading time\" \/>\n\t<meta name=\"twitter:data1\" content=\"1 minuto\" \/>\n<script type=\"application\/ld+json\" class=\"yoast-schema-graph\">{\"@context\":\"https:\\\/\\\/schema.org\",\"@graph\":[{\"@type\":\"WebPage\",\"@id\":\"https:\\\/\\\/br-apartments.com\\\/es\\\/proceso-de-solicitud\\\/\",\"url\":\"https:\\\/\\\/br-apartments.com\\\/es\\\/proceso-de-solicitud\\\/\",\"name\":\"Application Process - BR Apartments\",\"isPartOf\":{\"@id\":\"https:\\\/\\\/br-apartments.com\\\/#website\"},\"primaryImageOfPage\":{\"@id\":\"https:\\\/\\\/br-apartments.com\\\/es\\\/proceso-de-solicitud\\\/#primaryimage\"},\"image\":{\"@id\":\"https:\\\/\\\/br-apartments.com\\\/es\\\/proceso-de-solicitud\\\/#primaryimage\"},\"thumbnailUrl\":\"http:\\\/\\\/br-apartments.com\\\/wp-content\\\/uploads\\\/2025\\\/05\\\/station-7.jpg\",\"datePublished\":\"2025-05-01T16:08:33+00:00\",\"dateModified\":\"2025-12-12T19:19:54+00:00\",\"breadcrumb\":{\"@id\":\"https:\\\/\\\/br-apartments.com\\\/es\\\/proceso-de-solicitud\\\/#breadcrumb\"},\"inLanguage\":\"es\",\"potentialAction\":[{\"@type\":\"ReadAction\",\"target\":[\"https:\\\/\\\/br-apartments.com\\\/es\\\/proceso-de-solicitud\\\/\"]}]},{\"@type\":\"ImageObject\",\"inLanguage\":\"es\",\"@id\":\"https:\\\/\\\/br-apartments.com\\\/es\\\/proceso-de-solicitud\\\/#primaryimage\",\"url\":\"http:\\\/\\\/br-apartments.com\\\/wp-content\\\/uploads\\\/2025\\\/05\\\/station-7.jpg\",\"contentUrl\":\"http:\\\/\\\/br-apartments.com\\\/wp-content\\\/uploads\\\/2025\\\/05\\\/station-7.jpg\"},{\"@type\":\"BreadcrumbList\",\"@id\":\"https:\\\/\\\/br-apartments.com\\\/es\\\/proceso-de-solicitud\\\/#breadcrumb\",\"itemListElement\":[{\"@type\":\"ListItem\",\"position\":1,\"name\":\"Home\",\"item\":\"https:\\\/\\\/br-apartments.com\\\/\"},{\"@type\":\"ListItem\",\"position\":2,\"name\":\"Application Process\"}]},{\"@type\":\"WebSite\",\"@id\":\"https:\\\/\\\/br-apartments.com\\\/#website\",\"url\":\"https:\\\/\\\/br-apartments.com\\\/\",\"name\":\"BR Apartments\",\"description\":\"Bergman Real Estate Rentals\",\"publisher\":{\"@id\":\"https:\\\/\\\/br-apartments.com\\\/#organization\"},\"potentialAction\":[{\"@type\":\"SearchAction\",\"target\":{\"@type\":\"EntryPoint\",\"urlTemplate\":\"https:\\\/\\\/br-apartments.com\\\/?s={search_term_string}\"},\"query-input\":{\"@type\":\"PropertyValueSpecification\",\"valueRequired\":true,\"valueName\":\"search_term_string\"}}],\"inLanguage\":\"es\"},{\"@type\":\"Organization\",\"@id\":\"https:\\\/\\\/br-apartments.com\\\/#organization\",\"name\":\"BR Apartments\",\"url\":\"https:\\\/\\\/br-apartments.com\\\/\",\"logo\":{\"@type\":\"ImageObject\",\"inLanguage\":\"es\",\"@id\":\"https:\\\/\\\/br-apartments.com\\\/#\\\/schema\\\/logo\\\/image\\\/\",\"url\":\"https:\\\/\\\/br-apartments.com\\\/wp-content\\\/uploads\\\/2025\\\/04\\\/BR-logo-green-gold.png\",\"contentUrl\":\"https:\\\/\\\/br-apartments.com\\\/wp-content\\\/uploads\\\/2025\\\/04\\\/BR-logo-green-gold.png\",\"width\":609,\"height\":431,\"caption\":\"BR Apartments\"},\"image\":{\"@id\":\"https:\\\/\\\/br-apartments.com\\\/#\\\/schema\\\/logo\\\/image\\\/\"}}]}<\/script>\n<!-- \/ Yoast SEO plugin. -->","yoast_head_json":{"title":"Proceso de solicitud - Apartamentos BR","robots":{"index":"index","follow":"follow","max-snippet":"max-snippet:-1","max-image-preview":"max-image-preview:large","max-video-preview":"max-video-preview:-1"},"canonical":"https:\/\/br-apartments.com\/es\/proceso-de-solicitud\/","og_locale":"es_MX","og_type":"article","og_title":"Application Process - BR Apartments","og_description":"Application Process How do I see a property? Find Your Property Go to our Homes for Rent tab and find the property you wish to apply for. Find my Property Set up an Appointment Once you have found the property, call the Leasing Office and set up a time to come and see the property.&hellip;","og_url":"https:\/\/br-apartments.com\/es\/proceso-de-solicitud\/","og_site_name":"BR Apartments","article_modified_time":"2025-12-12T19:19:54+00:00","og_image":[{"url":"http:\/\/br-apartments.com\/wp-content\/uploads\/2025\/05\/station-7.jpg","type":"","width":"","height":""}],"twitter_card":"summary_large_image","twitter_misc":{"Est. reading time":"1 minuto"},"schema":{"@context":"https:\/\/schema.org","@graph":[{"@type":"WebPage","@id":"https:\/\/br-apartments.com\/es\/proceso-de-solicitud\/","url":"https:\/\/br-apartments.com\/es\/proceso-de-solicitud\/","name":"Proceso de solicitud - Apartamentos BR","isPartOf":{"@id":"https:\/\/br-apartments.com\/#website"},"primaryImageOfPage":{"@id":"https:\/\/br-apartments.com\/es\/proceso-de-solicitud\/#primaryimage"},"image":{"@id":"https:\/\/br-apartments.com\/es\/proceso-de-solicitud\/#primaryimage"},"thumbnailUrl":"http:\/\/br-apartments.com\/wp-content\/uploads\/2025\/05\/station-7.jpg","datePublished":"2025-05-01T16:08:33+00:00","dateModified":"2025-12-12T19:19:54+00:00","breadcrumb":{"@id":"https:\/\/br-apartments.com\/es\/proceso-de-solicitud\/#breadcrumb"},"inLanguage":"es","potentialAction":[{"@type":"ReadAction","target":["https:\/\/br-apartments.com\/es\/proceso-de-solicitud\/"]}]},{"@type":"ImageObject","inLanguage":"es","@id":"https:\/\/br-apartments.com\/es\/proceso-de-solicitud\/#primaryimage","url":"http:\/\/br-apartments.com\/wp-content\/uploads\/2025\/05\/station-7.jpg","contentUrl":"http:\/\/br-apartments.com\/wp-content\/uploads\/2025\/05\/station-7.jpg"},{"@type":"BreadcrumbList","@id":"https:\/\/br-apartments.com\/es\/proceso-de-solicitud\/#breadcrumb","itemListElement":[{"@type":"ListItem","position":1,"name":"Home","item":"https:\/\/br-apartments.com\/"},{"@type":"ListItem","position":2,"name":"Application Process"}]},{"@type":"WebSite","@id":"https:\/\/br-apartments.com\/#website","url":"https:\/\/br-apartments.com\/","name":"Apartamentos BR","description":"Alquileres inmobiliarios Bergman","publisher":{"@id":"https:\/\/br-apartments.com\/#organization"},"potentialAction":[{"@type":"SearchAction","target":{"@type":"EntryPoint","urlTemplate":"https:\/\/br-apartments.com\/?s={search_term_string}"},"query-input":{"@type":"PropertyValueSpecification","valueRequired":true,"valueName":"search_term_string"}}],"inLanguage":"es"},{"@type":"Organization","@id":"https:\/\/br-apartments.com\/#organization","name":"Apartamentos BR","url":"https:\/\/br-apartments.com\/","logo":{"@type":"ImageObject","inLanguage":"es","@id":"https:\/\/br-apartments.com\/#\/schema\/logo\/image\/","url":"https:\/\/br-apartments.com\/wp-content\/uploads\/2025\/04\/BR-logo-green-gold.png","contentUrl":"https:\/\/br-apartments.com\/wp-content\/uploads\/2025\/04\/BR-logo-green-gold.png","width":609,"height":431,"caption":"BR Apartments"},"image":{"@id":"https:\/\/br-apartments.com\/#\/schema\/logo\/image\/"}}]}},"_links":{"self":[{"href":"https:\/\/br-apartments.com\/es\/wp-json\/wp\/v2\/pages\/35","targetHints":{"allow":["GET"]}}],"collection":[{"href":"https:\/\/br-apartments.com\/es\/wp-json\/wp\/v2\/pages"}],"about":[{"href":"https:\/\/br-apartments.com\/es\/wp-json\/wp\/v2\/types\/page"}],"author":[{"embeddable":true,"href":"https:\/\/br-apartments.com\/es\/wp-json\/wp\/v2\/users\/1"}],"replies":[{"embeddable":true,"href":"https:\/\/br-apartments.com\/es\/wp-json\/wp\/v2\/comments?post=35"}],"version-history":[{"count":0,"href":"https:\/\/br-apartments.com\/es\/wp-json\/wp\/v2\/pages\/35\/revisions"}],"wp:attachment":[{"href":"https:\/\/br-apartments.com\/es\/wp-json\/wp\/v2\/media?parent=35"}],"curies":[{"name":"wp","href":"https:\/\/api.w.org\/{rel}","templated":true}]}}