{"id":3,"date":"2025-04-28T22:05:45","date_gmt":"2025-04-28T22:05:45","guid":{"rendered":"http:\/\/localhost:10070\/?page_id=3"},"modified":"2026-02-24T20:58:04","modified_gmt":"2026-02-24T20:58:04","slug":"politica-de-privacidad","status":"publish","type":"page","link":"https:\/\/br-apartments.com\/es\/privacy-policy\/","title":{"rendered":"Pol\u00edtica de privacidad"},"content":{"rendered":"Por favor, espere mientras se carga la pol\u00edtica. Si no se carga, por favor <a rel=\"nofollow\" href=\"https:\/\/policies.termageddon.com\/api\/policy\/TXpseksybG9NeXRKZDIxa1IxRTlQUT09\" target=\"_blank\">Haga clic aqu\u00ed<\/a> para ver la pol\u00edtica.","protected":false},"excerpt":{"rendered":"<p>Espere mientras se carga la pol\u00edtica. Si no se carga, haga clic aqu\u00ed para ver la pol\u00edtica.<\/p>","protected":false},"author":1,"featured_media":0,"parent":0,"menu_order":0,"comment_status":"closed","ping_status":"closed","template":"","meta":{"footnotes":""},"class_list":["post-3","page","type-page","status-publish","hentry"],"yoast_head":"<!-- This site is optimized with the Yoast SEO plugin v27.4 - https:\/\/yoast.com\/product\/yoast-seo-wordpress\/ -->\n<title>Privacy Policy - BR Apartments<\/title>\n<meta name=\"robots\" content=\"index, follow, max-snippet:-1, max-image-preview:large, max-video-preview:-1\" \/>\n<link rel=\"canonical\" href=\"https:\/\/br-apartments.com\/es\/politica-de-privacidad\/\" \/>\n<meta property=\"og:locale\" content=\"es_MX\" \/>\n<meta property=\"og:type\" content=\"article\" \/>\n<meta property=\"og:title\" content=\"Privacy Policy - BR Apartments\" \/>\n<meta property=\"og:description\" content=\"Please wait while the policy is loaded. If it does not load, please click here to view the policy.\" \/>\n<meta property=\"og:url\" content=\"https:\/\/br-apartments.com\/es\/politica-de-privacidad\/\" \/>\n<meta property=\"og:site_name\" content=\"BR Apartments\" \/>\n<meta property=\"article:modified_time\" content=\"2026-02-24T20:58:04+00:00\" \/>\n<meta name=\"twitter:card\" content=\"summary_large_image\" \/>\n<meta name=\"twitter:label1\" content=\"Est. reading time\" \/>\n\t<meta name=\"twitter:data1\" content=\"1 minuto\" \/>\n<script type=\"application\/ld+json\" class=\"yoast-schema-graph\">{\"@context\":\"https:\\\/\\\/schema.org\",\"@graph\":[{\"@type\":\"WebPage\",\"@id\":\"https:\\\/\\\/br-apartments.com\\\/privacy-policy\\\/\",\"url\":\"https:\\\/\\\/br-apartments.com\\\/privacy-policy\\\/\",\"name\":\"Privacy Policy - BR Apartments\",\"isPartOf\":{\"@id\":\"http:\\\/\\\/br-apartments.com\\\/#website\"},\"datePublished\":\"2025-04-28T22:05:45+00:00\",\"dateModified\":\"2026-02-24T20:58:04+00:00\",\"breadcrumb\":{\"@id\":\"https:\\\/\\\/br-apartments.com\\\/privacy-policy\\\/#breadcrumb\"},\"inLanguage\":\"es\",\"potentialAction\":[{\"@type\":\"ReadAction\",\"target\":[\"https:\\\/\\\/br-apartments.com\\\/privacy-policy\\\/\"]}]},{\"@type\":\"BreadcrumbList\",\"@id\":\"https:\\\/\\\/br-apartments.com\\\/privacy-policy\\\/#breadcrumb\",\"itemListElement\":[{\"@type\":\"ListItem\",\"position\":1,\"name\":\"Home\",\"item\":\"http:\\\/\\\/br-apartments.com\\\/\"},{\"@type\":\"ListItem\",\"position\":2,\"name\":\"Privacy Policy\"}]},{\"@type\":\"WebSite\",\"@id\":\"http:\\\/\\\/br-apartments.com\\\/#website\",\"url\":\"http:\\\/\\\/br-apartments.com\\\/\",\"name\":\"BR Apartments\",\"description\":\"Bergman Real Estate Rentals\",\"publisher\":{\"@id\":\"http:\\\/\\\/br-apartments.com\\\/#organization\"},\"potentialAction\":[{\"@type\":\"SearchAction\",\"target\":{\"@type\":\"EntryPoint\",\"urlTemplate\":\"http:\\\/\\\/br-apartments.com\\\/?s={search_term_string}\"},\"query-input\":{\"@type\":\"PropertyValueSpecification\",\"valueRequired\":true,\"valueName\":\"search_term_string\"}}],\"inLanguage\":\"es\"},{\"@type\":\"Organization\",\"@id\":\"http:\\\/\\\/br-apartments.com\\\/#organization\",\"name\":\"BR Apartments\",\"url\":\"http:\\\/\\\/br-apartments.com\\\/\",\"logo\":{\"@type\":\"ImageObject\",\"inLanguage\":\"es\",\"@id\":\"http:\\\/\\\/br-apartments.com\\\/#\\\/schema\\\/logo\\\/image\\\/\",\"url\":\"https:\\\/\\\/br-apartments.com\\\/wp-content\\\/uploads\\\/2025\\\/04\\\/BR-logo-green-gold.png\",\"contentUrl\":\"https:\\\/\\\/br-apartments.com\\\/wp-content\\\/uploads\\\/2025\\\/04\\\/BR-logo-green-gold.png\",\"width\":609,\"height\":431,\"caption\":\"BR Apartments\"},\"image\":{\"@id\":\"http:\\\/\\\/br-apartments.com\\\/#\\\/schema\\\/logo\\\/image\\\/\"}}]}<\/script>\n<!-- \/ Yoast SEO plugin. -->","yoast_head_json":{"title":"Pol\u00edtica de privacidad - BR Apartments","robots":{"index":"index","follow":"follow","max-snippet":"max-snippet:-1","max-image-preview":"max-image-preview:large","max-video-preview":"max-video-preview:-1"},"canonical":"https:\/\/br-apartments.com\/es\/politica-de-privacidad\/","og_locale":"es_MX","og_type":"article","og_title":"Privacy Policy - BR Apartments","og_description":"Please wait while the policy is loaded. If it does not load, please click here to view the policy.","og_url":"https:\/\/br-apartments.com\/es\/politica-de-privacidad\/","og_site_name":"BR Apartments","article_modified_time":"2026-02-24T20:58:04+00:00","twitter_card":"summary_large_image","twitter_misc":{"Est. reading time":"1 minuto"},"schema":{"@context":"https:\/\/schema.org","@graph":[{"@type":"WebPage","@id":"https:\/\/br-apartments.com\/privacy-policy\/","url":"https:\/\/br-apartments.com\/privacy-policy\/","name":"Pol\u00edtica de privacidad - BR Apartments","isPartOf":{"@id":"http:\/\/br-apartments.com\/#website"},"datePublished":"2025-04-28T22:05:45+00:00","dateModified":"2026-02-24T20:58:04+00:00","breadcrumb":{"@id":"https:\/\/br-apartments.com\/privacy-policy\/#breadcrumb"},"inLanguage":"es","potentialAction":[{"@type":"ReadAction","target":["https:\/\/br-apartments.com\/privacy-policy\/"]}]},{"@type":"BreadcrumbList","@id":"https:\/\/br-apartments.com\/privacy-policy\/#breadcrumb","itemListElement":[{"@type":"ListItem","position":1,"name":"Home","item":"http:\/\/br-apartments.com\/"},{"@type":"ListItem","position":2,"name":"Privacy Policy"}]},{"@type":"WebSite","@id":"http:\/\/br-apartments.com\/#website","url":"http:\/\/br-apartments.com\/","name":"Apartamentos BR","description":"Alquileres inmobiliarios Bergman","publisher":{"@id":"http:\/\/br-apartments.com\/#organization"},"potentialAction":[{"@type":"SearchAction","target":{"@type":"EntryPoint","urlTemplate":"http:\/\/br-apartments.com\/?s={search_term_string}"},"query-input":{"@type":"PropertyValueSpecification","valueRequired":true,"valueName":"search_term_string"}}],"inLanguage":"es"},{"@type":"Organization","@id":"http:\/\/br-apartments.com\/#organization","name":"Apartamentos BR","url":"http:\/\/br-apartments.com\/","logo":{"@type":"ImageObject","inLanguage":"es","@id":"http:\/\/br-apartments.com\/#\/schema\/logo\/image\/","url":"https:\/\/br-apartments.com\/wp-content\/uploads\/2025\/04\/BR-logo-green-gold.png","contentUrl":"https:\/\/br-apartments.com\/wp-content\/uploads\/2025\/04\/BR-logo-green-gold.png","width":609,"height":431,"caption":"BR Apartments"},"image":{"@id":"http:\/\/br-apartments.com\/#\/schema\/logo\/image\/"}}]}},"_links":{"self":[{"href":"https:\/\/br-apartments.com\/es\/wp-json\/wp\/v2\/pages\/3","targetHints":{"allow":["GET"]}}],"collection":[{"href":"https:\/\/br-apartments.com\/es\/wp-json\/wp\/v2\/pages"}],"about":[{"href":"https:\/\/br-apartments.com\/es\/wp-json\/wp\/v2\/types\/page"}],"author":[{"embeddable":true,"href":"https:\/\/br-apartments.com\/es\/wp-json\/wp\/v2\/users\/1"}],"replies":[{"embeddable":true,"href":"https:\/\/br-apartments.com\/es\/wp-json\/wp\/v2\/comments?post=3"}],"version-history":[{"count":0,"href":"https:\/\/br-apartments.com\/es\/wp-json\/wp\/v2\/pages\/3\/revisions"}],"wp:attachment":[{"href":"https:\/\/br-apartments.com\/es\/wp-json\/wp\/v2\/media?parent=3"}],"curies":[{"name":"wp","href":"https:\/\/api.w.org\/{rel}","templated":true}]}}